{"id":1185,"date":"2020-03-11T19:55:00","date_gmt":"2020-03-11T19:55:00","guid":{"rendered":"http:\/\/horiun.com.br\/site\/?page_id=1185"},"modified":"2022-08-01T12:53:40","modified_gmt":"2022-08-01T12:53:40","slug":"mobiliario-de-aco","status":"publish","type":"page","link":"http:\/\/horiun.com.br\/site\/mobiliario-de-aco\/","title":{"rendered":"G\u00f4ndolas, Racks e Mobili\u00e1rio de A\u00e7o"},"content":{"rendered":"\n\n\n<figure class=\"wp-block-gallery columns-1 is-cropped\"><ul class=\"blocks-gallery-grid\"><li class=\"blocks-gallery-item\"><figure><img loading=\"lazy\" width=\"724\" height=\"1024\" src=\"http:\/\/horiun.com.br\/site\/wp-content\/uploads\/2022\/08\/3-724x1024.jpg\" alt=\"\" data-id=\"6143\" data-full-url=\"http:\/\/horiun.com.br\/site\/wp-content\/uploads\/2022\/08\/3.jpg\" data-link=\"http:\/\/horiun.com.br\/site\/mobiliario-de-aco\/3-17\/\" class=\"wp-image-6143\" srcset=\"http:\/\/horiun.com.br\/site\/wp-content\/uploads\/2022\/08\/3-724x1024.jpg 724w, http:\/\/horiun.com.br\/site\/wp-content\/uploads\/2022\/08\/3-212x300.jpg 212w, http:\/\/horiun.com.br\/site\/wp-content\/uploads\/2022\/08\/3-768x1086.jpg 768w, http:\/\/horiun.com.br\/site\/wp-content\/uploads\/2022\/08\/3-1086x1536.jpg 1086w, http:\/\/horiun.com.br\/site\/wp-content\/uploads\/2022\/08\/3-510x721.jpg 510w, http:\/\/horiun.com.br\/site\/wp-content\/uploads\/2022\/08\/3-42x60.jpg 42w, http:\/\/horiun.com.br\/site\/wp-content\/uploads\/2022\/08\/3.jpg 1414w\" sizes=\"(max-width: 724px) 100vw, 724px\" \/><\/figure><\/li><li class=\"blocks-gallery-item\"><figure><img loading=\"lazy\" width=\"1414\" height=\"2000\" src=\"http:\/\/horiun.com.br\/site\/wp-content\/uploads\/2022\/08\/4-724x1024.jpg\" alt=\"\" data-id=\"6144\" data-full-url=\"http:\/\/horiun.com.br\/site\/wp-content\/uploads\/2022\/08\/4.jpg\" data-link=\"http:\/\/horiun.com.br\/site\/mobiliario-de-aco\/4-15\/\" class=\"wp-image-6144\" srcset=\"http:\/\/horiun.com.br\/site\/wp-content\/uploads\/2022\/08\/4-724x1024.jpg 724w, http:\/\/horiun.com.br\/site\/wp-content\/uploads\/2022\/08\/4-212x300.jpg 212w, http:\/\/horiun.com.br\/site\/wp-content\/uploads\/2022\/08\/4-768x1086.jpg 768w, http:\/\/horiun.com.br\/site\/wp-content\/uploads\/2022\/08\/4-1086x1536.jpg 1086w, http:\/\/horiun.com.br\/site\/wp-content\/uploads\/2022\/08\/4-510x721.jpg 510w, http:\/\/horiun.com.br\/site\/wp-content\/uploads\/2022\/08\/4-42x60.jpg 42w, http:\/\/horiun.com.br\/site\/wp-content\/uploads\/2022\/08\/4.jpg 1414w\" sizes=\"(max-width: 1414px) 100vw, 1414px\" \/><\/figure><\/li><li class=\"blocks-gallery-item\"><figure><img loading=\"lazy\" width=\"724\" height=\"1024\" src=\"http:\/\/horiun.com.br\/site\/wp-content\/uploads\/2022\/08\/5-724x1024.jpg\" alt=\"\" data-id=\"6145\" data-full-url=\"http:\/\/horiun.com.br\/site\/wp-content\/uploads\/2022\/08\/5.jpg\" data-link=\"http:\/\/horiun.com.br\/site\/mobiliario-de-aco\/5-11\/\" class=\"wp-image-6145\" srcset=\"http:\/\/horiun.com.br\/site\/wp-content\/uploads\/2022\/08\/5-724x1024.jpg 724w, http:\/\/horiun.com.br\/site\/wp-content\/uploads\/2022\/08\/5-212x300.jpg 212w, http:\/\/horiun.com.br\/site\/wp-content\/uploads\/2022\/08\/5-768x1086.jpg 768w, http:\/\/horiun.com.br\/site\/wp-content\/uploads\/2022\/08\/5-1086x1536.jpg 1086w, http:\/\/horiun.com.br\/site\/wp-content\/uploads\/2022\/08\/5-510x721.jpg 510w, http:\/\/horiun.com.br\/site\/wp-content\/uploads\/2022\/08\/5-42x60.jpg 42w, http:\/\/horiun.com.br\/site\/wp-content\/uploads\/2022\/08\/5.jpg 1414w\" sizes=\"(max-width: 724px) 100vw, 724px\" \/><\/figure><\/li><li class=\"blocks-gallery-item\"><figure><img loading=\"lazy\" width=\"724\" height=\"1024\" src=\"http:\/\/horiun.com.br\/site\/wp-content\/uploads\/2022\/08\/6-724x1024.jpg\" alt=\"\" data-id=\"6146\" data-full-url=\"http:\/\/horiun.com.br\/site\/wp-content\/uploads\/2022\/08\/6.jpg\" data-link=\"http:\/\/horiun.com.br\/site\/mobiliario-de-aco\/6-13\/\" class=\"wp-image-6146\" srcset=\"http:\/\/horiun.com.br\/site\/wp-content\/uploads\/2022\/08\/6-724x1024.jpg 724w, http:\/\/horiun.com.br\/site\/wp-content\/uploads\/2022\/08\/6-212x300.jpg 212w, http:\/\/horiun.com.br\/site\/wp-content\/uploads\/2022\/08\/6-768x1086.jpg 768w, http:\/\/horiun.com.br\/site\/wp-content\/uploads\/2022\/08\/6-1086x1536.jpg 1086w, http:\/\/horiun.com.br\/site\/wp-content\/uploads\/2022\/08\/6-510x721.jpg 510w, http:\/\/horiun.com.br\/site\/wp-content\/uploads\/2022\/08\/6-42x60.jpg 42w, http:\/\/horiun.com.br\/site\/wp-content\/uploads\/2022\/08\/6.jpg 1414w\" sizes=\"(max-width: 724px) 100vw, 724px\" \/><\/figure><\/li><li class=\"blocks-gallery-item\"><figure><img loading=\"lazy\" width=\"724\" height=\"1024\" src=\"http:\/\/horiun.com.br\/site\/wp-content\/uploads\/2022\/08\/7-724x1024.jpg\" alt=\"\" data-id=\"6147\" data-full-url=\"http:\/\/horiun.com.br\/site\/wp-content\/uploads\/2022\/08\/7.jpg\" data-link=\"http:\/\/horiun.com.br\/site\/mobiliario-de-aco\/7-13\/\" class=\"wp-image-6147\" srcset=\"http:\/\/horiun.com.br\/site\/wp-content\/uploads\/2022\/08\/7-724x1024.jpg 724w, http:\/\/horiun.com.br\/site\/wp-content\/uploads\/2022\/08\/7-212x300.jpg 212w, http:\/\/horiun.com.br\/site\/wp-content\/uploads\/2022\/08\/7-768x1086.jpg 768w, http:\/\/horiun.com.br\/site\/wp-content\/uploads\/2022\/08\/7-1086x1536.jpg 1086w, http:\/\/horiun.com.br\/site\/wp-content\/uploads\/2022\/08\/7-510x721.jpg 510w, http:\/\/horiun.com.br\/site\/wp-content\/uploads\/2022\/08\/7-42x60.jpg 42w, http:\/\/horiun.com.br\/site\/wp-content\/uploads\/2022\/08\/7.jpg 1414w\" sizes=\"(max-width: 724px) 100vw, 724px\" \/><\/figure><\/li><li class=\"blocks-gallery-item\"><figure><img loading=\"lazy\" width=\"724\" height=\"1024\" src=\"http:\/\/horiun.com.br\/site\/wp-content\/uploads\/2022\/08\/8-724x1024.jpg\" alt=\"\" data-id=\"6148\" data-full-url=\"http:\/\/horiun.com.br\/site\/wp-content\/uploads\/2022\/08\/8.jpg\" data-link=\"http:\/\/horiun.com.br\/site\/mobiliario-de-aco\/8-13\/\" class=\"wp-image-6148\" srcset=\"http:\/\/horiun.com.br\/site\/wp-content\/uploads\/2022\/08\/8-724x1024.jpg 724w, http:\/\/horiun.com.br\/site\/wp-content\/uploads\/2022\/08\/8-212x300.jpg 212w, http:\/\/horiun.com.br\/site\/wp-content\/uploads\/2022\/08\/8-768x1086.jpg 768w, http:\/\/horiun.com.br\/site\/wp-content\/uploads\/2022\/08\/8-1086x1536.jpg 1086w, http:\/\/horiun.com.br\/site\/wp-content\/uploads\/2022\/08\/8-510x721.jpg 510w, http:\/\/horiun.com.br\/site\/wp-content\/uploads\/2022\/08\/8-42x60.jpg 42w, http:\/\/horiun.com.br\/site\/wp-content\/uploads\/2022\/08\/8.jpg 1414w\" sizes=\"(max-width: 724px) 100vw, 724px\" \/><\/figure><\/li><li class=\"blocks-gallery-item\"><figure><img loading=\"lazy\" width=\"724\" height=\"1024\" src=\"http:\/\/horiun.com.br\/site\/wp-content\/uploads\/2022\/08\/9-724x1024.jpg\" alt=\"\" data-id=\"6149\" data-full-url=\"http:\/\/horiun.com.br\/site\/wp-content\/uploads\/2022\/08\/9.jpg\" data-link=\"http:\/\/horiun.com.br\/site\/mobiliario-de-aco\/9-13\/\" class=\"wp-image-6149\" srcset=\"http:\/\/horiun.com.br\/site\/wp-content\/uploads\/2022\/08\/9-724x1024.jpg 724w, http:\/\/horiun.com.br\/site\/wp-content\/uploads\/2022\/08\/9-212x300.jpg 212w, http:\/\/horiun.com.br\/site\/wp-content\/uploads\/2022\/08\/9-768x1086.jpg 768w, http:\/\/horiun.com.br\/site\/wp-content\/uploads\/2022\/08\/9-1086x1536.jpg 1086w, http:\/\/horiun.com.br\/site\/wp-content\/uploads\/2022\/08\/9-510x721.jpg 510w, http:\/\/horiun.com.br\/site\/wp-content\/uploads\/2022\/08\/9-42x60.jpg 42w, http:\/\/horiun.com.br\/site\/wp-content\/uploads\/2022\/08\/9.jpg 1414w\" sizes=\"(max-width: 724px) 100vw, 724px\" \/><\/figure><\/li><li class=\"blocks-gallery-item\"><figure><img loading=\"lazy\" width=\"724\" height=\"1024\" src=\"http:\/\/horiun.com.br\/site\/wp-content\/uploads\/2022\/08\/10-724x1024.jpg\" alt=\"\" data-id=\"6150\" data-full-url=\"http:\/\/horiun.com.br\/site\/wp-content\/uploads\/2022\/08\/10.jpg\" data-link=\"http:\/\/horiun.com.br\/site\/mobiliario-de-aco\/10-13\/\" class=\"wp-image-6150\" srcset=\"http:\/\/horiun.com.br\/site\/wp-content\/uploads\/2022\/08\/10-724x1024.jpg 724w, http:\/\/horiun.com.br\/site\/wp-content\/uploads\/2022\/08\/10-212x300.jpg 212w, http:\/\/horiun.com.br\/site\/wp-content\/uploads\/2022\/08\/10-768x1086.jpg 768w, http:\/\/horiun.com.br\/site\/wp-content\/uploads\/2022\/08\/10-1086x1536.jpg 1086w, http:\/\/horiun.com.br\/site\/wp-content\/uploads\/2022\/08\/10-510x721.jpg 510w, http:\/\/horiun.com.br\/site\/wp-content\/uploads\/2022\/08\/10-42x60.jpg 42w, http:\/\/horiun.com.br\/site\/wp-content\/uploads\/2022\/08\/10.jpg 1414w\" sizes=\"(max-width: 724px) 100vw, 724px\" \/><\/figure><\/li><li class=\"blocks-gallery-item\"><figure><img loading=\"lazy\" width=\"724\" height=\"1024\" src=\"http:\/\/horiun.com.br\/site\/wp-content\/uploads\/2022\/08\/11-724x1024.jpg\" alt=\"\" data-id=\"6151\" data-full-url=\"http:\/\/horiun.com.br\/site\/wp-content\/uploads\/2022\/08\/11.jpg\" data-link=\"http:\/\/horiun.com.br\/site\/mobiliario-de-aco\/11-13\/\" class=\"wp-image-6151\" srcset=\"http:\/\/horiun.com.br\/site\/wp-content\/uploads\/2022\/08\/11-724x1024.jpg 724w, http:\/\/horiun.com.br\/site\/wp-content\/uploads\/2022\/08\/11-212x300.jpg 212w, http:\/\/horiun.com.br\/site\/wp-content\/uploads\/2022\/08\/11-768x1086.jpg 768w, http:\/\/horiun.com.br\/site\/wp-content\/uploads\/2022\/08\/11-1086x1536.jpg 1086w, http:\/\/horiun.com.br\/site\/wp-content\/uploads\/2022\/08\/11-510x721.jpg 510w, http:\/\/horiun.com.br\/site\/wp-content\/uploads\/2022\/08\/11-42x60.jpg 42w, http:\/\/horiun.com.br\/site\/wp-content\/uploads\/2022\/08\/11.jpg 1414w\" sizes=\"(max-width: 724px) 100vw, 724px\" \/><\/figure><\/li><li class=\"blocks-gallery-item\"><figure><img loading=\"lazy\" width=\"724\" height=\"1024\" src=\"http:\/\/horiun.com.br\/site\/wp-content\/uploads\/2022\/08\/12-724x1024.jpg\" alt=\"\" data-id=\"6152\" data-full-url=\"http:\/\/horiun.com.br\/site\/wp-content\/uploads\/2022\/08\/12.jpg\" data-link=\"http:\/\/horiun.com.br\/site\/mobiliario-de-aco\/12-14\/\" class=\"wp-image-6152\" srcset=\"http:\/\/horiun.com.br\/site\/wp-content\/uploads\/2022\/08\/12-724x1024.jpg 724w, http:\/\/horiun.com.br\/site\/wp-content\/uploads\/2022\/08\/12-212x300.jpg 212w, http:\/\/horiun.com.br\/site\/wp-content\/uploads\/2022\/08\/12-768x1086.jpg 768w, http:\/\/horiun.com.br\/site\/wp-content\/uploads\/2022\/08\/12-1086x1536.jpg 1086w, http:\/\/horiun.com.br\/site\/wp-content\/uploads\/2022\/08\/12-510x721.jpg 510w, http:\/\/horiun.com.br\/site\/wp-content\/uploads\/2022\/08\/12-42x60.jpg 42w, http:\/\/horiun.com.br\/site\/wp-content\/uploads\/2022\/08\/12.jpg 1414w\" sizes=\"(max-width: 724px) 100vw, 724px\" \/><\/figure><\/li><li class=\"blocks-gallery-item\"><figure><img loading=\"lazy\" width=\"724\" height=\"1024\" src=\"http:\/\/horiun.com.br\/site\/wp-content\/uploads\/2022\/08\/13-724x1024.jpg\" alt=\"\" data-id=\"6153\" data-full-url=\"http:\/\/horiun.com.br\/site\/wp-content\/uploads\/2022\/08\/13.jpg\" data-link=\"http:\/\/horiun.com.br\/site\/mobiliario-de-aco\/13-12\/\" class=\"wp-image-6153\" srcset=\"http:\/\/horiun.com.br\/site\/wp-content\/uploads\/2022\/08\/13-724x1024.jpg 724w, http:\/\/horiun.com.br\/site\/wp-content\/uploads\/2022\/08\/13-212x300.jpg 212w, http:\/\/horiun.com.br\/site\/wp-content\/uploads\/2022\/08\/13-768x1086.jpg 768w, http:\/\/horiun.com.br\/site\/wp-content\/uploads\/2022\/08\/13-1086x1536.jpg 1086w, http:\/\/horiun.com.br\/site\/wp-content\/uploads\/2022\/08\/13-510x721.jpg 510w, http:\/\/horiun.com.br\/site\/wp-content\/uploads\/2022\/08\/13-42x60.jpg 42w, http:\/\/horiun.com.br\/site\/wp-content\/uploads\/2022\/08\/13.jpg 1414w\" sizes=\"(max-width: 724px) 100vw, 724px\" \/><\/figure><\/li><li class=\"blocks-gallery-item\"><figure><img loading=\"lazy\" width=\"724\" height=\"1024\" src=\"http:\/\/horiun.com.br\/site\/wp-content\/uploads\/2022\/08\/14-724x1024.jpg\" alt=\"\" data-id=\"6154\" data-full-url=\"http:\/\/horiun.com.br\/site\/wp-content\/uploads\/2022\/08\/14.jpg\" data-link=\"http:\/\/horiun.com.br\/site\/mobiliario-de-aco\/14-9\/\" class=\"wp-image-6154\" srcset=\"http:\/\/horiun.com.br\/site\/wp-content\/uploads\/2022\/08\/14-724x1024.jpg 724w, http:\/\/horiun.com.br\/site\/wp-content\/uploads\/2022\/08\/14-212x300.jpg 212w, http:\/\/horiun.com.br\/site\/wp-content\/uploads\/2022\/08\/14-768x1086.jpg 768w, http:\/\/horiun.com.br\/site\/wp-content\/uploads\/2022\/08\/14-1086x1536.jpg 1086w, http:\/\/horiun.com.br\/site\/wp-content\/uploads\/2022\/08\/14-510x721.jpg 510w, http:\/\/horiun.com.br\/site\/wp-content\/uploads\/2022\/08\/14-42x60.jpg 42w, http:\/\/horiun.com.br\/site\/wp-content\/uploads\/2022\/08\/14.jpg 1414w\" sizes=\"(max-width: 724px) 100vw, 724px\" \/><\/figure><\/li><\/ul><\/figure>\n<div style=\"padding-bottom:20px; padding-top:10px;\" class=\"hupso-share-buttons\"><!-- Hupso Share Buttons - https:\/\/www.hupso.com\/share\/ --><a class=\"hupso_counters\" href=\"https:\/\/www.hupso.com\/share\/\"><img src=\"http:\/\/static.hupso.com\/share\/buttons\/dot.png\" style=\"border:0px; padding-top:2px; float:left;\" alt=\"Share Button\"\/><\/a><script type=\"text\/javascript\">var hupso_services_c=new Array(\"twitter\",\"facebook_like\",\"facebook_send\",\"google\",\"pinterest\",\"email\",\"print\");var hupso_counters_lang = \"pt_BR\";var hupso_image_folder_url = \"\";var hupso_url_c=\"\";var hupso_title_c=\"G\u00f4ndolas, Racks e Mobili\u00e1rio de A\u00e7o\";<\/script><script type=\"text\/javascript\" src=\"http:\/\/static.hupso.com\/share\/js\/counters.js\"><\/script><!-- Hupso Share Buttons --><\/div>","protected":false},"excerpt":{"rendered":"<div style=\"padding-bottom:20px; padding-top:10px;\" class=\"hupso-share-buttons\"><!-- Hupso Share Buttons - https:\/\/www.hupso.com\/share\/ --><a class=\"hupso_counters\" href=\"https:\/\/www.hupso.com\/share\/\"><img src=\"http:\/\/static.hupso.com\/share\/buttons\/dot.png\" style=\"border:0px; padding-top:2px; float:left;\" alt=\"Share Button\"\/><\/a><script type=\"text\/javascript\">var hupso_services_c=new Array(\"twitter\",\"facebook_like\",\"facebook_send\",\"google\",\"pinterest\",\"email\",\"print\");var hupso_counters_lang = \"pt_BR\";var hupso_image_folder_url = \"\";var hupso_url_c=\"\";var hupso_title_c=\"G\u00f4ndolas, Racks e Mobili\u00e1rio de A\u00e7o\";<\/script><script type=\"text\/javascript\" src=\"http:\/\/static.hupso.com\/share\/js\/counters.js\"><\/script><!-- Hupso Share Buttons --><\/div>","protected":false},"author":2,"featured_media":0,"parent":0,"menu_order":0,"comment_status":"closed","ping_status":"closed","template":"","meta":[],"_links":{"self":[{"href":"http:\/\/horiun.com.br\/site\/wp-json\/wp\/v2\/pages\/1185"}],"collection":[{"href":"http:\/\/horiun.com.br\/site\/wp-json\/wp\/v2\/pages"}],"about":[{"href":"http:\/\/horiun.com.br\/site\/wp-json\/wp\/v2\/types\/page"}],"author":[{"embeddable":true,"href":"http:\/\/horiun.com.br\/site\/wp-json\/wp\/v2\/users\/2"}],"replies":[{"embeddable":true,"href":"http:\/\/horiun.com.br\/site\/wp-json\/wp\/v2\/comments?post=1185"}],"version-history":[{"count":18,"href":"http:\/\/horiun.com.br\/site\/wp-json\/wp\/v2\/pages\/1185\/revisions"}],"predecessor-version":[{"id":6155,"href":"http:\/\/horiun.com.br\/site\/wp-json\/wp\/v2\/pages\/1185\/revisions\/6155"}],"wp:attachment":[{"href":"http:\/\/horiun.com.br\/site\/wp-json\/wp\/v2\/media?parent=1185"}],"curies":[{"name":"wp","href":"https:\/\/api.w.org\/{rel}","templated":true}]}}