{"id":116,"date":"2018-03-08T00:37:41","date_gmt":"2018-03-08T00:37:41","guid":{"rendered":"http:\/\/horiun.com.br\/site\/?page_id=116"},"modified":"2026-01-28T16:29:20","modified_gmt":"2026-01-28T16:29:20","slug":"dicas-e-novidades","status":"publish","type":"page","link":"http:\/\/horiun.com.br\/site\/dicas-e-novidades\/","title":{"rendered":"Dicas e Novidades"},"content":{"rendered":"<p>DICAS E NOVIDADES<\/p>\n<p>ENTRE EM CONTATO<\/p>\n<p><strong>Horiun Representa\u00e7\u00f5es<\/strong><br \/>\n<strong> Angelo Marchetto<\/strong><\/p>\n<p><strong>TELEVENDAS:<\/strong><br \/>\n(14) 3842-1542 | 14 99854-6825<\/p>\n<p><strong>CORRESPOND\u00caNCIA:<\/strong><br \/>\nPlinio aristides Targa, 573<br \/>\nRecanto ouro verde &#8211; S\u00e3o Manuel &#8211; SP<\/p>\n<p><strong>E-Mail:\u00a0<\/strong><br \/>\nhoriunrepresentacoes@gmail.com<\/p>\n<div style=\"padding-bottom:20px; padding-top:10px;\" class=\"hupso-share-buttons\"><!-- Hupso Share Buttons - https:\/\/www.hupso.com\/share\/ --><a class=\"hupso_counters\" href=\"https:\/\/www.hupso.com\/share\/\"><img src=\"http:\/\/static.hupso.com\/share\/buttons\/dot.png\" style=\"border:0px; padding-top:2px; float:left;\" alt=\"Share Button\"\/><\/a><script type=\"text\/javascript\">var hupso_services_c=new Array(\"twitter\",\"facebook_like\",\"facebook_send\",\"google\",\"pinterest\",\"email\",\"print\");var hupso_counters_lang = \"pt_BR\";var hupso_image_folder_url = \"\";var hupso_url_c=\"\";var hupso_title_c=\"Dicas e Novidades\";<\/script><script type=\"text\/javascript\" src=\"http:\/\/static.hupso.com\/share\/js\/counters.js\"><\/script><!-- Hupso Share Buttons --><\/div>","protected":false},"excerpt":{"rendered":"<p>DICAS E NOVIDADES ENTRE EM CONTATO Horiun Representa\u00e7\u00f5es Angelo Marchetto TELEVENDAS: (14) 3842-1542 | 14 99854-6825 CORRESPOND\u00caNCIA: Plinio aristides Targa, 573 Recanto ouro verde &#8211; S\u00e3o Manuel &#8211; SP E-Mail:\u00a0 horiunrepresentacoes@gmail.com<\/p>\n<div style=\"padding-bottom:20px; padding-top:10px;\" class=\"hupso-share-buttons\"><!-- Hupso Share Buttons - https:\/\/www.hupso.com\/share\/ --><a class=\"hupso_counters\" href=\"https:\/\/www.hupso.com\/share\/\"><img src=\"http:\/\/static.hupso.com\/share\/buttons\/dot.png\" style=\"border:0px; padding-top:2px; float:left;\" alt=\"Share Button\"\/><\/a><script type=\"text\/javascript\">var hupso_services_c=new Array(\"twitter\",\"facebook_like\",\"facebook_send\",\"google\",\"pinterest\",\"email\",\"print\");var hupso_counters_lang = \"pt_BR\";var hupso_image_folder_url = \"\";var hupso_url_c=\"\";var hupso_title_c=\"Dicas e Novidades\";<\/script><script type=\"text\/javascript\" src=\"http:\/\/static.hupso.com\/share\/js\/counters.js\"><\/script><!-- Hupso Share Buttons --><\/div>","protected":false},"author":1,"featured_media":0,"parent":0,"menu_order":0,"comment_status":"closed","ping_status":"closed","template":"","meta":[],"_links":{"self":[{"href":"http:\/\/horiun.com.br\/site\/wp-json\/wp\/v2\/pages\/116"}],"collection":[{"href":"http:\/\/horiun.com.br\/site\/wp-json\/wp\/v2\/pages"}],"about":[{"href":"http:\/\/horiun.com.br\/site\/wp-json\/wp\/v2\/types\/page"}],"author":[{"embeddable":true,"href":"http:\/\/horiun.com.br\/site\/wp-json\/wp\/v2\/users\/1"}],"replies":[{"embeddable":true,"href":"http:\/\/horiun.com.br\/site\/wp-json\/wp\/v2\/comments?post=116"}],"version-history":[{"count":8,"href":"http:\/\/horiun.com.br\/site\/wp-json\/wp\/v2\/pages\/116\/revisions"}],"predecessor-version":[{"id":6505,"href":"http:\/\/horiun.com.br\/site\/wp-json\/wp\/v2\/pages\/116\/revisions\/6505"}],"wp:attachment":[{"href":"http:\/\/horiun.com.br\/site\/wp-json\/wp\/v2\/media?parent=116"}],"curies":[{"name":"wp","href":"https:\/\/api.w.org\/{rel}","templated":true}]}}